{"id":1400,"date":"2018-06-01T16:32:50","date_gmt":"2018-06-01T14:32:50","guid":{"rendered":"https:\/\/www.eimsbuetteler-apotheke.de\/?page_id=1400"},"modified":"2018-06-01T16:32:50","modified_gmt":"2018-06-01T14:32:50","slug":"impressum","status":"publish","type":"page","link":"https:\/\/www.eimsbuetteler-apotheke.de\/index.php\/impressum\/","title":{"rendered":"Impressum"},"content":{"rendered":"<h2>Impressum<\/h2>\n<p><strong>Eimsb\u00fctteler Apotheke<\/strong><br \/>\nInhaberin Jasmin Menk e. K.<br \/>\nOsterstra\u00dfe 16<br \/>\nD \u2013 20259 Hamburg<\/p>\n<p><strong>Telefon<\/strong>: +49 (0)40 4922060<br \/>\n<strong>Telefax<\/strong>:\u00a0+49 (0) 40 4908616<br \/>\n<strong>eMail<\/strong>: info@eimsbuetteler-apotheke.de<\/p>\n<p>Handelsregister: HRA 62722 Amtsgericht Hamburg<br \/>\nUmsatzsteuer-Identifikationsnr.: DE 217936579<\/p>\n<p>Gesetzliche Berufsbezeichnung: Apothekerin<br \/>\nStaat, in dem die Berufsbezeichnung verliehen wurde: Bundesrepublik Deutschland<\/p>\n<p><strong>Zust\u00e4ndige Aufsichtsbeh\u00f6rde\u2028<\/strong><br \/>\nFreie und Hansestadt Hamburg<br \/>\nBeh\u00f6rde f\u00fcr Wissenschaft und Gesundheit<br \/>\nBillstra\u00dfe 80<br \/>\n20539 Hamburg<\/p>\n<p><strong>Telefon<\/strong>: 040 &#8211; 428 37 &#8211; 0<br \/>\n<strong>Telefax<\/strong>: 040 &#8211; 428 37 &#8211; 2421<\/p>\n<p>Zust\u00e4ndige Kammer:<br \/>\nApothekerkammer Hamburg<br \/>\nApothekerhaus Hamburg<br \/>\nAlte Rabenstra\u00dfe 11 a<br \/>\n20148 Hamburg<br \/>\n<strong>Telefon<\/strong>: 040-44 80 48-0<br \/>\n<strong>Telefax<\/strong>: 040-44 38 68<br \/>\n<strong>eMail<\/strong>:\u00a0<a href=\"mailto:info@apothekerkammer-hamburg.de\">info@apothekerkammer-hamburg.de\u2028<\/a><br \/>\n<a href=\"http:\/\/www.apothekerkammer-hamburg.de\">www.apothekerkammer-hamburg.de<\/a><\/p>\n<p><strong>\u2028\u2028Berufsordnung f\u00fcr Apotheker:<\/strong><br \/>\n<a href=\"http:\/\/www.apothekerkammer-hamburg.de\/fileadmin\/akhh\/kammer\/Rechtsgrundlagen\/4.Berufsordnung%20der%20Apothekerkammer%20Hamburg.pdf\">\u2028Berufsordnung als PDF<\/a><\/p>\n<p><strong>Berufshaftpflichtversicherung:<\/strong><br \/>\nCondor AG<br \/>\nHerrlichkeit 6<br \/>\n28199 Bremen<\/p>\n<p><strong>Informationen zur Online-Streitbeilegung:<\/strong><br \/>\nDie EU-Kommission hat eine Internetplattform zur Online-Beilegung von Streitigkeiten (sog. \u201eOS-Plattform\u201c) geschaffen. Die OS-Plattform dient als Anlaufstelle zur au\u00dfergerichtlichen Beilegung von Streitigkeiten, die aus Online-Dienstleistungsvertr\u00e4gen erwachsen. Die OS-Plattform wird unter dem folgenden Link erreicht:\u00a0<a href=\"http:\/\/ec.europa.eu\/consumers\/odr\/\">http:\/\/ec.europa.eu\/consumers\/odr\/<\/a><\/p>\n<p><strong>Au\u00dfergerichtliche Streitschlichtung:<\/strong><br \/>\nZur Teilnahme an einem Streitbeilegungsverfahren vor einer Verbraucherschlichtungsstelle nach dem \u201eGesetz \u00fcber die alternative Streitbeilegung in Verbrauchersachen (VSBG)\u201c sind wir nicht bereit und nicht verpflichtet.<\/p>\n<p><strong>Inhaltlich verantwortlich:<\/strong><br \/>\nJasmin Menk<br \/>\nAdresse wie oben<\/p>\n<p><strong>Design und Produktion:<\/strong><br \/>\nSilicon Planet GmbH<br \/>\nHenriettenweg 4\u202820259 Hamburg<br \/>\n<strong>Telefon<\/strong>: +49408541070<br \/>\n<strong>eMail<\/strong>: hello@siliconplanet.com<\/p>\n<p>Weitere Informationen zum Datenschutz finden Sie hier:\u00a0<a href=\"https:\/\/www.medikamente-per-klick.de\/Datenschutz\">Datenschutzerkl\u00e4rung<\/a><br \/>\nEs gelten unsere allgemeinen Gesch\u00e4ftsbedingungen:\u00a0<a href=\"https:\/\/www.medikamente-per-klick.de\/AGB\">AGB<\/a><\/p>\n","protected":false},"excerpt":{"rendered":"<p>Impressum Eimsb\u00fctteler Apotheke Inhaberin Jasmin Menk e. K. Osterstra\u00dfe 16 D \u2013 20259 Hamburg Telefon: +49 (0)40 4922060 Telefax:\u00a0+49 (0) 40 4908616 eMail: info@eimsbuetteler-apotheke.de Handelsregister: HRA 62722 Amtsgericht Hamburg Umsatzsteuer-Identifikationsnr.: DE 217936579 Gesetzliche Berufsbezeichnung: Apothekerin Staat, in dem die Berufsbezeichnung verliehen wurde: Bundesrepublik Deutschland Zust\u00e4ndige Aufsichtsbeh\u00f6rde\u2028 Freie und Hansestadt Hamburg Beh\u00f6rde f\u00fcr Wissenschaft und Gesundheit [&hellip;]<\/p>\n","protected":false},"author":3,"featured_media":0,"parent":0,"menu_order":0,"comment_status":"closed","ping_status":"closed","template":"","meta":{"footnotes":""},"class_list":["post-1400","page","type-page","status-publish","hentry"],"yoast_head":"<!-- This site is optimized with the Yoast SEO plugin v27.5 - https:\/\/yoast.com\/product\/yoast-seo-wordpress\/ -->\n<title>Impressum - Eimsb\u00fctteler Apotheke<\/title>\n<meta name=\"robots\" content=\"index, follow, max-snippet:-1, max-image-preview:large, max-video-preview:-1\" \/>\n<link rel=\"canonical\" href=\"https:\/\/www.eimsbuetteler-apotheke.de\/index.php\/impressum\/\" \/>\n<meta property=\"og:locale\" content=\"de_DE\" \/>\n<meta property=\"og:type\" content=\"article\" \/>\n<meta property=\"og:title\" content=\"Impressum - Eimsb\u00fctteler Apotheke\" \/>\n<meta property=\"og:description\" content=\"Impressum Eimsb\u00fctteler Apotheke Inhaberin Jasmin Menk e. K. Osterstra\u00dfe 16 D \u2013 20259 Hamburg Telefon: +49 (0)40 4922060 Telefax:\u00a0+49 (0) 40 4908616 eMail: info@eimsbuetteler-apotheke.de Handelsregister: HRA 62722 Amtsgericht Hamburg Umsatzsteuer-Identifikationsnr.: DE 217936579 Gesetzliche Berufsbezeichnung: Apothekerin Staat, in dem die Berufsbezeichnung verliehen wurde: Bundesrepublik Deutschland Zust\u00e4ndige Aufsichtsbeh\u00f6rde\u2028 Freie und Hansestadt Hamburg Beh\u00f6rde f\u00fcr Wissenschaft und Gesundheit [&hellip;]\" \/>\n<meta property=\"og:url\" content=\"https:\/\/www.eimsbuetteler-apotheke.de\/index.php\/impressum\/\" \/>\n<meta property=\"og:site_name\" content=\"Eimsb\u00fctteler Apotheke\" \/>\n<meta name=\"twitter:card\" content=\"summary_large_image\" \/>\n<meta name=\"twitter:label1\" content=\"Gesch\u00e4tzte Lesezeit\" \/>\n\t<meta name=\"twitter:data1\" content=\"1\u00a0Minute\" \/>\n<script type=\"application\/ld+json\" class=\"yoast-schema-graph\">{\"@context\":\"https:\\\/\\\/schema.org\",\"@graph\":[{\"@type\":\"WebPage\",\"@id\":\"https:\\\/\\\/www.eimsbuetteler-apotheke.de\\\/index.php\\\/impressum\\\/\",\"url\":\"https:\\\/\\\/www.eimsbuetteler-apotheke.de\\\/index.php\\\/impressum\\\/\",\"name\":\"Impressum - Eimsb\u00fctteler Apotheke\",\"isPartOf\":{\"@id\":\"https:\\\/\\\/www.eimsbuetteler-apotheke.de\\\/#website\"},\"datePublished\":\"2018-06-01T14:32:50+00:00\",\"breadcrumb\":{\"@id\":\"https:\\\/\\\/www.eimsbuetteler-apotheke.de\\\/index.php\\\/impressum\\\/#breadcrumb\"},\"inLanguage\":\"de\",\"potentialAction\":[{\"@type\":\"ReadAction\",\"target\":[\"https:\\\/\\\/www.eimsbuetteler-apotheke.de\\\/index.php\\\/impressum\\\/\"]}]},{\"@type\":\"BreadcrumbList\",\"@id\":\"https:\\\/\\\/www.eimsbuetteler-apotheke.de\\\/index.php\\\/impressum\\\/#breadcrumb\",\"itemListElement\":[{\"@type\":\"ListItem\",\"position\":1,\"name\":\"Home\",\"item\":\"https:\\\/\\\/www.eimsbuetteler-apotheke.de\\\/index.php\\\/home-2\\\/\"},{\"@type\":\"ListItem\",\"position\":2,\"name\":\"Impressum\"}]},{\"@type\":\"WebSite\",\"@id\":\"https:\\\/\\\/www.eimsbuetteler-apotheke.de\\\/#website\",\"url\":\"https:\\\/\\\/www.eimsbuetteler-apotheke.de\\\/\",\"name\":\"Eimsb\u00fctteler Apotheke\",\"description\":\"Wir sind gern f\u00fcr Sie da\",\"potentialAction\":[{\"@type\":\"SearchAction\",\"target\":{\"@type\":\"EntryPoint\",\"urlTemplate\":\"https:\\\/\\\/www.eimsbuetteler-apotheke.de\\\/?s={search_term_string}\"},\"query-input\":{\"@type\":\"PropertyValueSpecification\",\"valueRequired\":true,\"valueName\":\"search_term_string\"}}],\"inLanguage\":\"de\"}]}<\/script>\n<!-- \/ Yoast SEO plugin. -->","yoast_head_json":{"title":"Impressum - Eimsb\u00fctteler Apotheke","robots":{"index":"index","follow":"follow","max-snippet":"max-snippet:-1","max-image-preview":"max-image-preview:large","max-video-preview":"max-video-preview:-1"},"canonical":"https:\/\/www.eimsbuetteler-apotheke.de\/index.php\/impressum\/","og_locale":"de_DE","og_type":"article","og_title":"Impressum - Eimsb\u00fctteler Apotheke","og_description":"Impressum Eimsb\u00fctteler Apotheke Inhaberin Jasmin Menk e. K. Osterstra\u00dfe 16 D \u2013 20259 Hamburg Telefon: +49 (0)40 4922060 Telefax:\u00a0+49 (0) 40 4908616 eMail: info@eimsbuetteler-apotheke.de Handelsregister: HRA 62722 Amtsgericht Hamburg Umsatzsteuer-Identifikationsnr.: DE 217936579 Gesetzliche Berufsbezeichnung: Apothekerin Staat, in dem die Berufsbezeichnung verliehen wurde: Bundesrepublik Deutschland Zust\u00e4ndige Aufsichtsbeh\u00f6rde\u2028 Freie und Hansestadt Hamburg Beh\u00f6rde f\u00fcr Wissenschaft und Gesundheit [&hellip;]","og_url":"https:\/\/www.eimsbuetteler-apotheke.de\/index.php\/impressum\/","og_site_name":"Eimsb\u00fctteler Apotheke","twitter_card":"summary_large_image","twitter_misc":{"Gesch\u00e4tzte Lesezeit":"1\u00a0Minute"},"schema":{"@context":"https:\/\/schema.org","@graph":[{"@type":"WebPage","@id":"https:\/\/www.eimsbuetteler-apotheke.de\/index.php\/impressum\/","url":"https:\/\/www.eimsbuetteler-apotheke.de\/index.php\/impressum\/","name":"Impressum - Eimsb\u00fctteler Apotheke","isPartOf":{"@id":"https:\/\/www.eimsbuetteler-apotheke.de\/#website"},"datePublished":"2018-06-01T14:32:50+00:00","breadcrumb":{"@id":"https:\/\/www.eimsbuetteler-apotheke.de\/index.php\/impressum\/#breadcrumb"},"inLanguage":"de","potentialAction":[{"@type":"ReadAction","target":["https:\/\/www.eimsbuetteler-apotheke.de\/index.php\/impressum\/"]}]},{"@type":"BreadcrumbList","@id":"https:\/\/www.eimsbuetteler-apotheke.de\/index.php\/impressum\/#breadcrumb","itemListElement":[{"@type":"ListItem","position":1,"name":"Home","item":"https:\/\/www.eimsbuetteler-apotheke.de\/index.php\/home-2\/"},{"@type":"ListItem","position":2,"name":"Impressum"}]},{"@type":"WebSite","@id":"https:\/\/www.eimsbuetteler-apotheke.de\/#website","url":"https:\/\/www.eimsbuetteler-apotheke.de\/","name":"Eimsb\u00fctteler Apotheke","description":"Wir sind gern f\u00fcr Sie da","potentialAction":[{"@type":"SearchAction","target":{"@type":"EntryPoint","urlTemplate":"https:\/\/www.eimsbuetteler-apotheke.de\/?s={search_term_string}"},"query-input":{"@type":"PropertyValueSpecification","valueRequired":true,"valueName":"search_term_string"}}],"inLanguage":"de"}]}},"_links":{"self":[{"href":"https:\/\/www.eimsbuetteler-apotheke.de\/index.php\/wp-json\/wp\/v2\/pages\/1400","targetHints":{"allow":["GET"]}}],"collection":[{"href":"https:\/\/www.eimsbuetteler-apotheke.de\/index.php\/wp-json\/wp\/v2\/pages"}],"about":[{"href":"https:\/\/www.eimsbuetteler-apotheke.de\/index.php\/wp-json\/wp\/v2\/types\/page"}],"author":[{"embeddable":true,"href":"https:\/\/www.eimsbuetteler-apotheke.de\/index.php\/wp-json\/wp\/v2\/users\/3"}],"replies":[{"embeddable":true,"href":"https:\/\/www.eimsbuetteler-apotheke.de\/index.php\/wp-json\/wp\/v2\/comments?post=1400"}],"version-history":[{"count":2,"href":"https:\/\/www.eimsbuetteler-apotheke.de\/index.php\/wp-json\/wp\/v2\/pages\/1400\/revisions"}],"predecessor-version":[{"id":1402,"href":"https:\/\/www.eimsbuetteler-apotheke.de\/index.php\/wp-json\/wp\/v2\/pages\/1400\/revisions\/1402"}],"wp:attachment":[{"href":"https:\/\/www.eimsbuetteler-apotheke.de\/index.php\/wp-json\/wp\/v2\/media?parent=1400"}],"curies":[{"name":"wp","href":"https:\/\/api.w.org\/{rel}","templated":true}]}}