{"id":31,"date":"2015-10-21T12:34:01","date_gmt":"2015-10-21T12:34:01","guid":{"rendered":"http:\/\/test.kriesi.at\/construction\/?page_id=31"},"modified":"2018-02-21T10:19:35","modified_gmt":"2018-02-21T09:19:35","slug":"selbstverstaendnis","status":"publish","type":"page","link":"https:\/\/www.eimsbuetteler-apotheke.de\/index.php\/selbstverstaendnis\/","title":{"rendered":"selbstverst\u00e4ndnis"},"content":{"rendered":"<div id='full_slider_1'  class='avia-fullwidth-slider main_color avia-shadow   avia-builder-el-0  el_before_av_section  avia-builder-el-first   container_wrap sidebar_right'  ><div  class='avia-slideshow av-av_slideshow_full-15d4dd8691a943751c0d771b8f97fbef avia-slideshow-featured_large av_slideshow_full avia-fade-slider av-slideshow-ui av-control-hidden av-no-slider-navigation av-hide-nav-arrows av-slideshow-autoplay av-loop-endless av-loop-manual-endless av-default-height-applied   avia-slideshow-1' data-slideshow-options=\"{&quot;animation&quot;:&quot;fade&quot;,&quot;autoplay&quot;:true,&quot;loop_autoplay&quot;:&quot;endless&quot;,&quot;interval&quot;:5,&quot;loop_manual&quot;:&quot;manual-endless&quot;,&quot;autoplay_stopper&quot;:false,&quot;noNavigation&quot;:true,&quot;bg_slider&quot;:false,&quot;keep_padding&quot;:false,&quot;hoverpause&quot;:false,&quot;show_slide_delay&quot;:0}\"  itemprop=\"image\" itemscope=\"itemscope\" itemtype=\"https:\/\/schema.org\/ImageObject\" ><ul class='avia-slideshow-inner ' style='padding-bottom: 61.704211557297%;'><li  class='avia-slideshow-slide av-av_slideshow_full-15d4dd8691a943751c0d771b8f97fbef__0  av-single-slide slide-1 slide-odd'><div data-rel='slideshow-1' class='avia-slide-wrap '   ><img decoding=\"async\" class=\"wp-image-824 avia-img-lazy-loading-not-824\"  src=\"https:\/\/www.eimsbuetteler-apotheke.de\/wp-content\/uploads\/2018\/01\/72er_Apo_Stephan_GRA4245-1021x630.jpg\" width=\"1021\" height=\"630\" title='72er_Apo_Stephan_GRA4245' alt=''  itemprop=\"thumbnailUrl\"   \/><\/div><\/li><\/ul><\/div><\/div>\n\n<style type=\"text\/css\" data-created_by=\"avia_inline_auto\" id=\"style-css-av-av_section-13a607f91d02b486d3e90fa1e10bea17\">\n.avia-section.av-av_section-13a607f91d02b486d3e90fa1e10bea17{\nbackground-color:#c0b5a2;\nbackground-image:unset;\n}\n<\/style>\n<div id='av_section_1'  class='avia-section av-av_section-13a607f91d02b486d3e90fa1e10bea17 main_color avia-section-default avia-no-border-styling  avia-builder-el-1  el_after_av_slideshow_full  el_before_av_section  avia-bg-style-scroll container_wrap sidebar_right'  ><div class='container av-section-cont-open' ><div class='template-page content  av-content-small alpha units'><div class='post-entry post-entry-type-page post-entry-31'><div class='entry-content-wrapper clearfix'>\n<section  class='av_textblock_section av-av_textblock-2bd894dbf2e4bf2c4acf98ce4fbf94aa'  itemscope=\"itemscope\" itemtype=\"https:\/\/schema.org\/CreativeWork\" ><div class='avia_textblock'  itemprop=\"text\" ><h2>Selbstverst\u00e4ndnis<\/h2>\n<\/div><\/section>\n\n<\/div><\/div><\/div><!-- close content main div --><\/div><\/div><div id='av_section_2'  class='avia-section av-av_section-2f8a4d5d3ebd9c637093dc8e14b646e9 main_color avia-section-default avia-no-border-styling  avia-builder-el-3  el_after_av_section  avia-builder-el-last  avia-bg-style-scroll container_wrap sidebar_right'  ><div class='container av-section-cont-open' ><div class='template-page content  av-content-small alpha units'><div class='post-entry post-entry-type-page post-entry-31'><div class='entry-content-wrapper clearfix'>\n<section  class='av_textblock_section av-av_textblock-2bd894dbf2e4bf2c4acf98ce4fbf94aa'  itemscope=\"itemscope\" itemtype=\"https:\/\/schema.org\/CreativeWork\" ><div class='avia_textblock'  itemprop=\"text\" ><p><strong>An erste Stelle stehen Sie \u2013 unser Kunde!<\/strong><br \/>\nWir m\u00f6chten Ihr erster Ansprechpartner in Sachen Gesundheit und Wohlbefinden sein.<br \/>\nEntweder wir k\u00f6nnen unmittelbar helfen oder wir k\u00f6nnen Sie an den richtigen Ansprechpartner weiterleiten. Dazu arbeiten wir sehr eng mit den \u00c4rzten und anderen Gesundheitspartnern in unserem Haus und in der Umgebung zusammen.<\/p>\n<\/div><\/section>\n<section  class='av_textblock_section av-av_textblock-2bd894dbf2e4bf2c4acf98ce4fbf94aa'  itemscope=\"itemscope\" itemtype=\"https:\/\/schema.org\/CreativeWork\" ><div class='avia_textblock'  itemprop=\"text\" ><p><strong>Wir m\u00f6chten immer f\u00fcr Sie da sein.<\/strong><br \/>\nWenn Sie mal nicht zu uns kommen k\u00f6nnen, kommen wir gerne auch zu Ihnen. Deshalb haben wir einen eigenen Online-Shop und Hamburgs schnellsten und modernsten Arzneimittel-Lieferservice entwickelt.<\/p>\n<\/div><\/section>\n<section  class='av_textblock_section av-av_textblock-2bd894dbf2e4bf2c4acf98ce4fbf94aa'  itemscope=\"itemscope\" itemtype=\"https:\/\/schema.org\/CreativeWork\" ><div class='avia_textblock'  itemprop=\"text\" ><p><strong>Wir m\u00f6chten, dass Sie sich bei uns wohlf\u00fchlen.<br \/>\n<\/strong>Denn Sie sollen gerne zu uns kommen. Deshalb ist es uns ganz wichtig, Sie immer kompetent, umfassend und stets freundlich zu beraten. Und schlie\u00dflich haben wir deshalb unsere Apotheke nicht einfach nur m\u00f6bliert, sondern in der Tradition der guten alten Apotheke gestaltet.<\/p>\n<\/div><\/section>\n\n<style type=\"text\/css\" data-created_by=\"avia_inline_auto\" id=\"style-css-av-av_textblock-45e5de1e13c269a5c6bd3aa0654d2677\">\n#top .av_textblock_section.av-av_textblock-45e5de1e13c269a5c6bd3aa0654d2677 .avia_textblock{\nfont-size:18px;\n}\n<\/style>\n<section  class='av_textblock_section av-av_textblock-45e5de1e13c269a5c6bd3aa0654d2677'  itemscope=\"itemscope\" itemtype=\"https:\/\/schema.org\/CreativeWork\" ><div class='avia_textblock'  itemprop=\"text\" ><p><strong>Wir freuen uns auf Sie:<\/strong><br \/>\n<strong> Ihre Jasmin Menk und das Team der Apotheke am Dermatologikum<\/strong><\/p>\n<\/div><\/section>\n<\/div><\/div><\/div><!-- close content main div --><\/div><\/div><div id='after_section_2'  class='main_color av_default_container_wrap container_wrap sidebar_right'  ><div class='container av-section-cont-open' ><div class='template-page content  av-content-small alpha units'><div class='post-entry post-entry-type-page post-entry-31'><div class='entry-content-wrapper clearfix'>\n","protected":false},"excerpt":{"rendered":"","protected":false},"author":3,"featured_media":0,"parent":0,"menu_order":0,"comment_status":"closed","ping_status":"closed","template":"","meta":{"footnotes":""},"class_list":["post-31","page","type-page","status-publish","hentry"],"yoast_head":"<!-- This site is optimized with the Yoast SEO plugin v27.5 - https:\/\/yoast.com\/product\/yoast-seo-wordpress\/ -->\n<title>selbstverst\u00e4ndnis - Eimsb\u00fctteler Apotheke<\/title>\n<meta name=\"robots\" content=\"index, follow, max-snippet:-1, max-image-preview:large, max-video-preview:-1\" \/>\n<link rel=\"canonical\" href=\"https:\/\/www.eimsbuetteler-apotheke.de\/index.php\/selbstverstaendnis\/\" \/>\n<meta property=\"og:locale\" content=\"de_DE\" \/>\n<meta property=\"og:type\" content=\"article\" \/>\n<meta property=\"og:title\" content=\"selbstverst\u00e4ndnis - Eimsb\u00fctteler Apotheke\" \/>\n<meta property=\"og:url\" content=\"https:\/\/www.eimsbuetteler-apotheke.de\/index.php\/selbstverstaendnis\/\" \/>\n<meta property=\"og:site_name\" content=\"Eimsb\u00fctteler Apotheke\" \/>\n<meta property=\"article:modified_time\" content=\"2018-02-21T09:19:35+00:00\" \/>\n<meta name=\"twitter:card\" content=\"summary_large_image\" \/>\n<meta name=\"twitter:label1\" content=\"Gesch\u00e4tzte Lesezeit\" \/>\n\t<meta name=\"twitter:data1\" content=\"3\u00a0Minuten\" \/>\n<script type=\"application\/ld+json\" class=\"yoast-schema-graph\">{\"@context\":\"https:\\\/\\\/schema.org\",\"@graph\":[{\"@type\":\"WebPage\",\"@id\":\"https:\\\/\\\/www.eimsbuetteler-apotheke.de\\\/index.php\\\/selbstverstaendnis\\\/\",\"url\":\"https:\\\/\\\/www.eimsbuetteler-apotheke.de\\\/index.php\\\/selbstverstaendnis\\\/\",\"name\":\"selbstverst\u00e4ndnis - Eimsb\u00fctteler Apotheke\",\"isPartOf\":{\"@id\":\"https:\\\/\\\/www.eimsbuetteler-apotheke.de\\\/#website\"},\"datePublished\":\"2015-10-21T12:34:01+00:00\",\"dateModified\":\"2018-02-21T09:19:35+00:00\",\"breadcrumb\":{\"@id\":\"https:\\\/\\\/www.eimsbuetteler-apotheke.de\\\/index.php\\\/selbstverstaendnis\\\/#breadcrumb\"},\"inLanguage\":\"de\",\"potentialAction\":[{\"@type\":\"ReadAction\",\"target\":[\"https:\\\/\\\/www.eimsbuetteler-apotheke.de\\\/index.php\\\/selbstverstaendnis\\\/\"]}]},{\"@type\":\"BreadcrumbList\",\"@id\":\"https:\\\/\\\/www.eimsbuetteler-apotheke.de\\\/index.php\\\/selbstverstaendnis\\\/#breadcrumb\",\"itemListElement\":[{\"@type\":\"ListItem\",\"position\":1,\"name\":\"Home\",\"item\":\"https:\\\/\\\/www.eimsbuetteler-apotheke.de\\\/index.php\\\/home-2\\\/\"},{\"@type\":\"ListItem\",\"position\":2,\"name\":\"selbstverst\u00e4ndnis\"}]},{\"@type\":\"WebSite\",\"@id\":\"https:\\\/\\\/www.eimsbuetteler-apotheke.de\\\/#website\",\"url\":\"https:\\\/\\\/www.eimsbuetteler-apotheke.de\\\/\",\"name\":\"Eimsb\u00fctteler Apotheke\",\"description\":\"Wir sind gern f\u00fcr Sie da\",\"potentialAction\":[{\"@type\":\"SearchAction\",\"target\":{\"@type\":\"EntryPoint\",\"urlTemplate\":\"https:\\\/\\\/www.eimsbuetteler-apotheke.de\\\/?s={search_term_string}\"},\"query-input\":{\"@type\":\"PropertyValueSpecification\",\"valueRequired\":true,\"valueName\":\"search_term_string\"}}],\"inLanguage\":\"de\"}]}<\/script>\n<!-- \/ Yoast SEO plugin. -->","yoast_head_json":{"title":"selbstverst\u00e4ndnis - Eimsb\u00fctteler Apotheke","robots":{"index":"index","follow":"follow","max-snippet":"max-snippet:-1","max-image-preview":"max-image-preview:large","max-video-preview":"max-video-preview:-1"},"canonical":"https:\/\/www.eimsbuetteler-apotheke.de\/index.php\/selbstverstaendnis\/","og_locale":"de_DE","og_type":"article","og_title":"selbstverst\u00e4ndnis - Eimsb\u00fctteler Apotheke","og_url":"https:\/\/www.eimsbuetteler-apotheke.de\/index.php\/selbstverstaendnis\/","og_site_name":"Eimsb\u00fctteler Apotheke","article_modified_time":"2018-02-21T09:19:35+00:00","twitter_card":"summary_large_image","twitter_misc":{"Gesch\u00e4tzte Lesezeit":"3\u00a0Minuten"},"schema":{"@context":"https:\/\/schema.org","@graph":[{"@type":"WebPage","@id":"https:\/\/www.eimsbuetteler-apotheke.de\/index.php\/selbstverstaendnis\/","url":"https:\/\/www.eimsbuetteler-apotheke.de\/index.php\/selbstverstaendnis\/","name":"selbstverst\u00e4ndnis - Eimsb\u00fctteler Apotheke","isPartOf":{"@id":"https:\/\/www.eimsbuetteler-apotheke.de\/#website"},"datePublished":"2015-10-21T12:34:01+00:00","dateModified":"2018-02-21T09:19:35+00:00","breadcrumb":{"@id":"https:\/\/www.eimsbuetteler-apotheke.de\/index.php\/selbstverstaendnis\/#breadcrumb"},"inLanguage":"de","potentialAction":[{"@type":"ReadAction","target":["https:\/\/www.eimsbuetteler-apotheke.de\/index.php\/selbstverstaendnis\/"]}]},{"@type":"BreadcrumbList","@id":"https:\/\/www.eimsbuetteler-apotheke.de\/index.php\/selbstverstaendnis\/#breadcrumb","itemListElement":[{"@type":"ListItem","position":1,"name":"Home","item":"https:\/\/www.eimsbuetteler-apotheke.de\/index.php\/home-2\/"},{"@type":"ListItem","position":2,"name":"selbstverst\u00e4ndnis"}]},{"@type":"WebSite","@id":"https:\/\/www.eimsbuetteler-apotheke.de\/#website","url":"https:\/\/www.eimsbuetteler-apotheke.de\/","name":"Eimsb\u00fctteler Apotheke","description":"Wir sind gern f\u00fcr Sie da","potentialAction":[{"@type":"SearchAction","target":{"@type":"EntryPoint","urlTemplate":"https:\/\/www.eimsbuetteler-apotheke.de\/?s={search_term_string}"},"query-input":{"@type":"PropertyValueSpecification","valueRequired":true,"valueName":"search_term_string"}}],"inLanguage":"de"}]}},"_links":{"self":[{"href":"https:\/\/www.eimsbuetteler-apotheke.de\/index.php\/wp-json\/wp\/v2\/pages\/31","targetHints":{"allow":["GET"]}}],"collection":[{"href":"https:\/\/www.eimsbuetteler-apotheke.de\/index.php\/wp-json\/wp\/v2\/pages"}],"about":[{"href":"https:\/\/www.eimsbuetteler-apotheke.de\/index.php\/wp-json\/wp\/v2\/types\/page"}],"author":[{"embeddable":true,"href":"https:\/\/www.eimsbuetteler-apotheke.de\/index.php\/wp-json\/wp\/v2\/users\/3"}],"replies":[{"embeddable":true,"href":"https:\/\/www.eimsbuetteler-apotheke.de\/index.php\/wp-json\/wp\/v2\/comments?post=31"}],"version-history":[{"count":5,"href":"https:\/\/www.eimsbuetteler-apotheke.de\/index.php\/wp-json\/wp\/v2\/pages\/31\/revisions"}],"predecessor-version":[{"id":1082,"href":"https:\/\/www.eimsbuetteler-apotheke.de\/index.php\/wp-json\/wp\/v2\/pages\/31\/revisions\/1082"}],"wp:attachment":[{"href":"https:\/\/www.eimsbuetteler-apotheke.de\/index.php\/wp-json\/wp\/v2\/media?parent=31"}],"curies":[{"name":"wp","href":"https:\/\/api.w.org\/{rel}","templated":true}]}}